{"id":7103,"date":"2023-05-21T16:45:19","date_gmt":"2023-05-21T15:45:19","guid":{"rendered":"http:\/\/www.thp-starke.de\/shop\/?post_type=product&#038;p=7103"},"modified":"2025-11-24T19:50:57","modified_gmt":"2025-11-24T18:50:57","slug":"tierheilpraktiker-online-beratung","status":"publish","type":"product","link":"https:\/\/www.thp-starke.de\/shop\/tierheilpraktiker-online-beratung\/","title":{"rendered":"Frag einen Tierheilpraktiker &#8211; 15min Online-Beratung"},"content":{"rendered":"<p>Du hast Fragen zur Hom\u00f6opathie, Bachbl\u00fcten, ganzheitlichen Zusammenh\u00e4ngen, Hausmitteln, akuten F\u00e4llen (z.B. Wunden, Abszesse u. a.), schulmedizinisch austherapierten F\u00e4llen, artgerechter &amp; nat\u00fcrlicher F\u00fctterung (einschl. BARF\/Rohf\u00fctterung) und Haltung, Verhaltensproblemen, &#8222;Pferde- und Hundefl\u00fcstern&#8220; oder andere Fragen, rund um Pferde, Hunde, Katzen, H\u00fchner Pferde und Ziegen?<br \/>\nDu willst wissen, was man &#8222;alternativmedizinisch&#8220;\u00a0 (noch) tun kann?<br \/>\nBei der Tierheilpraktiker &#8211; Online-Beratung k\u00f6nnen wir Dein Problem individuell beleuchten oder gar schon l\u00f6sen. Im Dialog am Telefon kann ich Dir gleich die richtigen R\u00fcckfragen stellen, Dir Wege &amp; Optionen aufzeigen, die Du vielleicht noch nicht kennst.<br \/>\nEin Blick &#8222;von au\u00dfen&#8220; und ein entsprechender Impuls bewirkt manchmal Wunder, f\u00fchrt oft zur L\u00f6sung des Pro-blems oder zumindest zum n\u00e4chsten Schritt. Und mit meiner langj\u00e4hrigen Erfahrung geht das auch in den meisten F\u00e4llen online.<br \/>\nFalls Dein Anliegen umfangreich ist und voraussichtlich nicht in einer Viertelstunde gekl\u00e4rt werden kann, buche bitte gleich mehrere Einheiten. Evtl. sind dann auch Fotos oder Videos n\u00f6tig, um Dein Problem besser einsch\u00e4tzen zu k\u00f6nnen.<\/p>\n<hr \/>\n<h2>Ablauf Online-Beratung:<\/h2>\n<p>1. Dieses Produkt in den Warenkorb legen<\/p>\n<p>2. An der Kasse bezahlen<\/p>\n<p>3. Nach Zahlungseingang erh\u00e4ltst Du eine Best\u00e4tigungsnachricht mit einem Link zur Terminbuchungsseite<\/p>\n<p>4. Buche einen Termin und f\u00fclle das Formular aus &#8211; <strong>bitte in den Anmerkungen kurz Dein Thema eingeben<\/strong>, damit ich mich etwas vorbereiten kann.<\/p>\n<p>5. Ich rufe Dich innerhalb des Zeitfensters der gebuchten Stunde auf Deiner angegebenen Telefonnummer an. Die Beratungseinheit geht 15 min, es sei denn, Du hast mehrere Einheiten gebucht.<\/p>\n","protected":false},"excerpt":{"rendered":"<p>Du brauchst Hilfe zur Selbsthilfe aus naturheilkundiger Sicht?<br \/>\nStell Deine Fragen rund um Tiergesundheit Nat\u00fcrlich Selbstgemacht mit Naturheilkunde in einem pers\u00f6nlichen Gespr\u00e4ch direkt an die erfahrene Tierheilpraktikerin Jenni Starke.<\/p>\n","protected":false},"featured_media":9568,"comment_status":"open","ping_status":"closed","template":"","meta":[],"product_brand":[],"product_cat":[121],"product_tag":[],"class_list":{"0":"post-7103","1":"product","2":"type-product","3":"status-publish","4":"has-post-thumbnail","6":"product_cat-beratung","8":"first","9":"instock","10":"virtual","11":"purchasable","12":"product-type-simple"},"_links":{"self":[{"href":"https:\/\/www.thp-starke.de\/shop\/wp-json\/wp\/v2\/product\/7103","targetHints":{"allow":["GET"]}}],"collection":[{"href":"https:\/\/www.thp-starke.de\/shop\/wp-json\/wp\/v2\/product"}],"about":[{"href":"https:\/\/www.thp-starke.de\/shop\/wp-json\/wp\/v2\/types\/product"}],"replies":[{"embeddable":true,"href":"https:\/\/www.thp-starke.de\/shop\/wp-json\/wp\/v2\/comments?post=7103"}],"wp:featuredmedia":[{"embeddable":true,"href":"https:\/\/www.thp-starke.de\/shop\/wp-json\/wp\/v2\/media\/9568"}],"wp:attachment":[{"href":"https:\/\/www.thp-starke.de\/shop\/wp-json\/wp\/v2\/media?parent=7103"}],"wp:term":[{"taxonomy":"product_brand","embeddable":true,"href":"https:\/\/www.thp-starke.de\/shop\/wp-json\/wp\/v2\/product_brand?post=7103"},{"taxonomy":"product_cat","embeddable":true,"href":"https:\/\/www.thp-starke.de\/shop\/wp-json\/wp\/v2\/product_cat?post=7103"},{"taxonomy":"product_tag","embeddable":true,"href":"https:\/\/www.thp-starke.de\/shop\/wp-json\/wp\/v2\/product_tag?post=7103"}],"curies":[{"name":"wp","href":"https:\/\/api.w.org\/{rel}","templated":true}]}}