{"id":8789,"date":"2023-12-01T14:23:23","date_gmt":"2023-12-01T13:23:23","guid":{"rendered":"https:\/\/www.thp-starke.de\/shop\/?post_type=product&#038;p=8789"},"modified":"2025-07-12T14:13:14","modified_gmt":"2025-07-12T13:13:14","slug":"spenden-tierschutz","status":"publish","type":"product","link":"https:\/\/www.thp-starke.de\/shop\/spenden-tierschutz\/","title":{"rendered":"Spenden f\u00fcr Nat\u00fcrlichen Tierschutz"},"content":{"rendered":"<div class=\"flex flex-grow flex-col max-w-full\">\n<div class=\"min-h-[16px] text-message flex flex-col items-start gap-2 whitespace-pre-wrap break-words [.text-message+&amp;]:mt-3 overflow-x-auto\" data-message-author-role=\"assistant\" data-message-id=\"c39d51c1-2bf9-431d-afc2-c50398c2f99b\">\n<div class=\"markdown prose w-full break-words dark:prose-invert light\">\n<p>Mit deiner Unterst\u00fctzung wird die Vision vom echten nat\u00fcrlichen Tierschutz der neuen Zeit in die Tat umgesetzt.<\/p>\n<h2>Zust\u00e4nde der alten Zeit<\/h2>\n<p>Hast Du Dich auch schon mal beim Tierschutz der alten Zeit gefragt &#8211; warum st\u00e4ndig Geld f\u00fcr Futter fehlt, aber f\u00fcr den Tierarzt und seine giftigen Impfungen und &#8222;Wurmkuren&#8220; ist <strong>immer<\/strong> Geld da? Auch teure Folgebehandlungen, die aus schlechtem Industrie-Fertigfutter, toxischen Impfungen, &#8222;Wurmkuren&#8220; und anderen chemischen Medikamenten resultieren, werden durch Spenden, wie Deine, finanziert! Dadurch wird das schon durch den Heimaufenthalt gestresste Tier nur noch weiter geschw\u00e4cht. Eine Bezugsperson hat es meistens auch nicht. Ein Tier wird und bleibt aber nur durch gutes Futter, Liebe und Menschen, denen es vertrauen kann, gesund und nicht durch Impfungen &amp; &#8222;Wurmkuren&#8220;.<\/p>\n<h2>Schau mal genau hinter die Kulissen!<\/h2>\n<p>Es gibt sicher gute Ausnahmen, aber in den meisten Tier&#8220;schutz&#8220;-Heimen f\u00fchlen sich die Tiere i.d.R. alles andere als wohl. Es stinkt nach Urin und es sind viel zu viele Tiere dort. Es ist laut, ungem\u00fctlich, immer wieder fremde Menschen, es gibt nur das billigste Industrie-Futter und sehr oft gewaltt\u00e4tig &#8211; \u00fcbergriffige Behandlungsma\u00dfnahmen, die alles andere als dem Tier und seiner Seele gut tun. Zu allem \u00dcbel f\u00fchrt das dann auch noch oft dazu, da\u00df sich viele anschaffungswillige Tierfreunde abwenden und sich lieber einen &#8222;unversauten Welpen&#8220; holen&#8230;<br \/>\nDas wird es bei meiner Arbeit mit echtem nat\u00fcrlichen Tierschutz, bei dem die Gesundheit und das Wohlbefinden der Tiere an erster Stelle stehen, niemals geben. Mich st\u00f6ren diese Zust\u00e4nde in Tierheimen schon lange, und glaube mir, ich habe schon einige Tiere dort raus geholt. Deshalb habe ich beschlossen, den Tierschutz nun so zu manifestieren, wie ich es mir optimal vorstelle!Zust\u00e4nde der alten Zeit<\/p>\n<h2>Hilf dabei, diese Zust\u00e4nde zu ver\u00e4ndern<\/h2>\n<p>Deine Spende macht einen direkten Unterschied im Leben unserer Tier-Sch\u00fctzlinge. Gemeinsam schaffen wir eine Welt, in der sie artgerechte Haltung, nat\u00fcrliche F\u00fctterung,\u00a0 Liebe, Geborgenheit und Zuwendung erfahren und ihren passenden Menschen finden k\u00f6nnen.<\/p>\n<h3>Mein Tierschutzprojekt setzt sich f\u00fcr die nat\u00fcrliche Tiergesundheit ein<\/h3>\n<p>Ich biete meinen Sch\u00fctzlingen Biologisch Artgerechtes Rohes Futter (BARF), sorgf\u00e4ltige Hom\u00f6opathie-Behandlungen und eine Umgebung, die ihren nat\u00fcrlichen Bed\u00fcrfnissen entspricht. Jedes Tier verdient Pflege, Zuwendung, Verst\u00e4ndnis, saubere St\u00e4lle und gem\u00fctliche Liegepl\u00e4tze. Jede Spende erm\u00f6glicht es, artgerechtes, hochwertiges Futter zu organisieren und zu verarbeiten, was die Tiere gesund macht. Zeit f\u00fcr Pflege, Zuwendung,\u00a0 das Schreiben von Vermittlungsanzeigen, die Vermittlung selbst und andere ben\u00f6tigte Dinge der Tierhaltung und Pflege.<\/p>\n<h2>Die passende Tiervermittlung<\/h2>\n<p>F\u00fcr mich ist Tierschutz mehr als nur F\u00fcttern und Versorgen. Die Sozialisierung der Tiere ist mir besonders wichtig, vor allem bei unseren jungen Katzen. Ich nehme mir die Zeit, mit ihnen auf Vertrauensbasis zu kommunizieren. So sind sie im Vertrauen zum Menschen, ich kenne ihren Charakter gut und so kann sich bei der Tiervermittlung die passende Mensch-Tier-Beziehung finden. Das macht beide Seiten gl\u00fccklich und mich nat\u00fcrlich auch.<br \/>\nJede Spende, egal wie klein, tr\u00e4gt dazu bei, da\u00df die Vision vom echten nat\u00fcrlichen Tierschutz Wirklichkeit wird und meine Sch\u00fctzlinge die bestm\u00f6gliche nat\u00fcrliche Versorgung erhalten. Ich m\u00f6chte damit ein Vorbild geben, wie der Tierschutz auch ohne Chemie und Gewalt sein kann.<\/p>\n<p><strong>Werde Teil unserer tierisch-starken Gemeinschaft, die sich f\u00fcr nat\u00fcrlichen Tierschutz und naturbelassene Tiervermittlung\u00a0 einsetzt. Spende f\u00fcr das echte Wohl der Tiere. Deine Tat z\u00e4hlt. Deine Liebe z\u00e4hlt. Danke, da\u00df Du da bist! \ud83d\udc3e\ud83d\udc9a<\/strong><\/p>\n<\/div>\n<\/div>\n<\/div>\n<div class=\"mt-1 flex justify-start gap-3 empty:hidden\">\n<div class=\"text-gray-400 flex self-end lg:self-center justify-center lg:justify-start mt-0 gap-1 visible\"><\/div>\n<\/div>\n<form class=\"stretch mx-2 flex flex-row gap-2 last:mb-2 md:mx-3 md:last:mb-5 lg:mx-auto lg:max-w-2xl xl:max-w-3xl\">\n<div class=\"relative flex h-full flex-1 items-stretch md:flex-col\">\n<div class=\"flex w-full items-center\">\n<div class=\"overflow-hidden [&amp;:has(textarea:focus)]:border-token-border-xheavy [&amp;:has(textarea:focus)]:shadow-[0_2px_6px_rgba(0,0,0,.05)] flex flex-col w-full dark:border-token-border-heavy flex-grow relative border border-token-border-heavy dark:text-white rounded-2xl bg-white dark:bg-gray-800 shadow-[0_0_0_2px_rgba(255,255,255,0.95)] dark:shadow-[0_0_0_2px_rgba(52,53,65,0.95)]\"><\/div>\n<\/div>\n<\/div>\n<\/form>\n","protected":false},"excerpt":{"rendered":"<h3>Gemeinsam auf dem Naturweg in die neue Zeit!<\/h3>\n<p>M\u00f6chtest du aktiv dazu beitragen, dass Tierschutz mehr bedeutet als nur irgendwelches billiges Industriefutter und schulmedizinische Versorgung mit Impfungen und\u00a0 &#8222;Wurmkuren&#8220;?<\/p>\n<p>Unterst\u00fctze mit Deiner Spende die Umsetzung meiner Vision vom Tierschutz Naturbelassen &#8211; ohne giftige Impfungen, Fremdk\u00f6rpern wie Microchips oder chemischen Medikamenten.<\/p>\n<p>Deine Spende erm\u00f6glicht biologisch artgerechtes Futter (BARF), Hom\u00f6opathie-Behandlungen, naturnahe Haltung und liebevolle Pflege mit Vertrauen statt Angst. Wir schaffen gemeinsam eine Welt, in der Tiere Liebe, Geborgenheit und einen Platz zum Gl\u00fccklichsein finden. Werde Teil unserer tierisch-starken Gemeinschaft \u2013 Deine Tat z\u00e4hlt, Deine Liebe z\u00e4hlt. Danke, dass Du f\u00fcr unsere Sch\u00fctzlinge da bist! \ud83d\udc3e \ud83d\udc9a<\/p>\n","protected":false},"featured_media":9607,"comment_status":"open","ping_status":"closed","template":"","meta":[],"product_brand":[],"product_cat":[201],"product_tag":[],"class_list":{"0":"post-8789","1":"product","2":"type-product","3":"status-publish","4":"has-post-thumbnail","6":"product_cat-spenden","8":"first","9":"instock","10":"shipping-taxable","11":"purchasable","12":"product-type-variable"},"_links":{"self":[{"href":"https:\/\/www.thp-starke.de\/shop\/wp-json\/wp\/v2\/product\/8789","targetHints":{"allow":["GET"]}}],"collection":[{"href":"https:\/\/www.thp-starke.de\/shop\/wp-json\/wp\/v2\/product"}],"about":[{"href":"https:\/\/www.thp-starke.de\/shop\/wp-json\/wp\/v2\/types\/product"}],"replies":[{"embeddable":true,"href":"https:\/\/www.thp-starke.de\/shop\/wp-json\/wp\/v2\/comments?post=8789"}],"wp:featuredmedia":[{"embeddable":true,"href":"https:\/\/www.thp-starke.de\/shop\/wp-json\/wp\/v2\/media\/9607"}],"wp:attachment":[{"href":"https:\/\/www.thp-starke.de\/shop\/wp-json\/wp\/v2\/media?parent=8789"}],"wp:term":[{"taxonomy":"product_brand","embeddable":true,"href":"https:\/\/www.thp-starke.de\/shop\/wp-json\/wp\/v2\/product_brand?post=8789"},{"taxonomy":"product_cat","embeddable":true,"href":"https:\/\/www.thp-starke.de\/shop\/wp-json\/wp\/v2\/product_cat?post=8789"},{"taxonomy":"product_tag","embeddable":true,"href":"https:\/\/www.thp-starke.de\/shop\/wp-json\/wp\/v2\/product_tag?post=8789"}],"curies":[{"name":"wp","href":"https:\/\/api.w.org\/{rel}","templated":true}]}}