{"id":8811,"date":"2023-12-03T13:44:21","date_gmt":"2023-12-03T12:44:21","guid":{"rendered":"https:\/\/www.thp-starke.de\/shop\/?post_type=product&#038;p=8811"},"modified":"2025-06-09T16:58:56","modified_gmt":"2025-06-09T15:58:56","slug":"sponsoring-tierschutz","status":"publish","type":"product","link":"https:\/\/www.thp-starke.de\/shop\/sponsoring-tierschutz\/","title":{"rendered":"Sponsoring f\u00fcr nat\u00fcrlichen Tierschutz statt Steuern f\u00fcr Kriege"},"content":{"rendered":"<p>Deutschland finanziert <a title=\"steuerfinanzierte-Waffenlieferungen\" href=\"https:\/\/www.bundesregierung.de\/breg-de\/aktuelles\/lieferungen-ukraine-2054514\" target=\"_blank\" rel=\"noopener\">Waffenlieferungen<\/a> und <a title=\"steuerfinanzierte-Panzer\" href=\"https:\/\/www.tagesschau.de\/wirtschaft\/unternehmen\/faq-panzer-leopard-rheinmetall-krauss-maffei-101.html\" target=\"_blank\" rel=\"noopener\">Panzer<\/a> in Kriegsgebiete mit unseren Steuergeldern! Meiner freien Meinung nach kann man jedoch mit Waffen, Panzern und Krieg selbst keinen Frieden bewirken. F\u00fcr Frieden braucht es Diplomatie, Verhandlungen, gegenseitiges Verst\u00e4ndnis, Kommunikation, Konsens, Fairness, Ehrlichkeit, Vergebung, inneren Frieden usw.. Mit Waffen und Panzern t\u00f6tet man Mensch &amp; Tier &#8211; egal von welcher (politischen) Seite, es ist immer Leid! Gewalt erzeugt immer nur wieder Gegengewalt, und Frieden erzeugt Frieden &#8211; ganz nach dem universellen Gesetz der Resonanz.<br \/>\nBist Du auch dieser Meinung? &#8211; dann:<\/p>\n<h2><strong>Leite Deine Gelder weg vom Krieg und hin zu Natur und Tieren &#8211; Sponsoring hei\u00dft das Zauberwort!<\/strong><\/h2>\n<p>Sponsorgelder sind als Werbekosten voll als Betriebsausgabe abziehbar und senken somit Deine Steuerlast &#8211; und damit Deine Kriegsbeteiligung! Die wohl bessere Investition &#8211; in Frieden und das Leben &#8211; oder?<br \/>\nDu sponserst eine von Dir gew\u00e4hlte Summe f\u00fcr die Tiere und den nat\u00fcrlichen (echten) Tierschutz mit Biologisch artgerechter F\u00fctterung (BARF), Hom\u00f6opathie und Naturheilkunde. Im Gegenzug erh\u00e4ltst Du nicht nur ein herzliches Dankesch\u00f6n, sondern auch einen Werbelink auf dieser Webseite f\u00fcr nat\u00fcrliche Tiergesundheit, inklusive Deines Firmenlogo und der Verlinkung zu Deiner Webadresse . Als zus\u00e4tzliches Plus erh\u00e4ltst Du eine ordentliche Rechnung \u00fcber den Werbeeintrag, dessen Dauer sich nach der von Dir gesponserten Summe richtet.<\/p>\n<h2><strong>Statt Steuern zahlen, Sponsern in Aufbauarbeit f\u00fcr neue Strukturen<\/strong><\/h2>\n<p>Mit diesem cleveren Ansatz senkst Du nicht nur Deine Steuerlast durch Betriebsausgaben, sondern unterst\u00fctzt auch aktiv den Aufbau einer lebensbejahenden nat\u00fcrlichen und vor allem friedlichen Welt. Dein finanzieller Beitrag flie\u00dft in den Aufbau der Strukturen der neuen Zeit, in der wir selbst die Welt so gestalten und manifestieren, wie wir sie haben wollen. Da Geld auch nur eine Energieform ist, entziehst Du so dem Kriegs- und Zerst\u00f6rungssystem der alten Zeit die Energie &#8211; Steuer-Entziehung, sozusagen&#8230;. Es ist fast wie Pro-Biotika = f\u00fcr das Leben, statt Anti-Biotika = Krieg &#8211; gegen das Leben.<\/p>\n<p>Bist du bereit, Teil dieser positiven Ver\u00e4nderung zu werden?<br \/>\nDein Sponsoring f\u00f6rdert das Leben und die Natur statt Krieg und Leid.<\/p>\n<p style=\"text-align: center;\"><strong>Bist Du dabei?<\/strong><\/p>\n<p style=\"text-align: center;\"><strong>\ud83c\udf3f\ud83d\udc3e<\/strong><\/p>\n","protected":false},"excerpt":{"rendered":"<p>Du hast eine Firma und m\u00f6chtest lieber mit Sponsoring Tiere und nat\u00fcrlichen (echten) Tierschutz f\u00f6rdern, statt Deine Steuergelder f\u00fcr Krieg zu verschwenden, so wie die derzeitige Regierung das jetzt macht?<\/p>\n<p>Senke Deine Steuerlast und mache mehr aus Deinen Werbekosten \u2013 setze ein Zeichen f\u00fcr nat\u00fcrliche Tiergesundheit und eine bessere naturnahe Welt! Dieses Sponsoring-Angebot erm\u00f6glicht es Dir, finanzielle Unterst\u00fctzung f\u00fcr die Tiere als Werbekosten von der Steuer abzusetzen.<\/p>\n<p>So gehts&#8230;<\/p>\n<p>&nbsp;<\/p>\n","protected":false},"featured_media":9567,"comment_status":"open","ping_status":"closed","template":"","meta":[],"product_brand":[],"product_cat":[201],"product_tag":[213],"class_list":{"0":"post-8811","1":"product","2":"type-product","3":"status-publish","4":"has-post-thumbnail","6":"product_cat-spenden","7":"product_tag-sponsoring-tierschutz","9":"first","10":"instock","11":"shipping-taxable","12":"purchasable","13":"product-type-variable"},"_links":{"self":[{"href":"https:\/\/www.thp-starke.de\/shop\/wp-json\/wp\/v2\/product\/8811","targetHints":{"allow":["GET"]}}],"collection":[{"href":"https:\/\/www.thp-starke.de\/shop\/wp-json\/wp\/v2\/product"}],"about":[{"href":"https:\/\/www.thp-starke.de\/shop\/wp-json\/wp\/v2\/types\/product"}],"replies":[{"embeddable":true,"href":"https:\/\/www.thp-starke.de\/shop\/wp-json\/wp\/v2\/comments?post=8811"}],"wp:featuredmedia":[{"embeddable":true,"href":"https:\/\/www.thp-starke.de\/shop\/wp-json\/wp\/v2\/media\/9567"}],"wp:attachment":[{"href":"https:\/\/www.thp-starke.de\/shop\/wp-json\/wp\/v2\/media?parent=8811"}],"wp:term":[{"taxonomy":"product_brand","embeddable":true,"href":"https:\/\/www.thp-starke.de\/shop\/wp-json\/wp\/v2\/product_brand?post=8811"},{"taxonomy":"product_cat","embeddable":true,"href":"https:\/\/www.thp-starke.de\/shop\/wp-json\/wp\/v2\/product_cat?post=8811"},{"taxonomy":"product_tag","embeddable":true,"href":"https:\/\/www.thp-starke.de\/shop\/wp-json\/wp\/v2\/product_tag?post=8811"}],"curies":[{"name":"wp","href":"https:\/\/api.w.org\/{rel}","templated":true}]}}